{"id":2,"date":"2023-01-25T12:32:10","date_gmt":"2023-01-25T12:32:10","guid":{"rendered":"http:\/\/lanoriamr.com\/?page_id=2"},"modified":"2025-07-24T16:24:53","modified_gmt":"2025-07-24T14:24:53","slug":"cartasymenus","status":"publish","type":"page","link":"https:\/\/lanoriamr.com\/index.php\/cartasymenus\/","title":{"rendered":"Carta Soto del Real"},"content":{"rendered":"\n<div class=\"wp-block-cb-carousel cb-single-slide\" data-slick=\"{&quot;slidesToShow&quot;:1,&quot;slidesToScroll&quot;:1,&quot;speed&quot;:450,&quot;arrows&quot;:false,&quot;dots&quot;:false,&quot;autoplay&quot;:true,&quot;autoplaySpeed&quot;:2000,&quot;infinite&quot;:true,&quot;responsive&quot;:[{&quot;breakpoint&quot;:769,&quot;settings&quot;:{&quot;slidesToShow&quot;:1,&quot;slidesToScroll&quot;:1}}]}\">\n<div class=\"wp-block-cb-slide\">\n<figure class=\"wp-block-image size-large has-custom-border\"><img decoding=\"async\" width=\"1024\" height=\"768\" src=\"https:\/\/lanoriamr.com\/wp-content\/uploads\/2024\/10\/chuleton-LaNoriaMR-1024x768.avif\" alt=\"\" class=\"wp-image-328\" style=\"border-radius:23px\" srcset=\"https:\/\/lanoriamr.com\/wp-content\/uploads\/2024\/10\/chuleton-LaNoriaMR-1024x768.avif 1024w, https:\/\/lanoriamr.com\/wp-content\/uploads\/2024\/10\/chuleton-LaNoriaMR-300x225.avif 300w, https:\/\/lanoriamr.com\/wp-content\/uploads\/2024\/10\/chuleton-LaNoriaMR-768x576.avif 768w, https:\/\/lanoriamr.com\/wp-content\/uploads\/2024\/10\/chuleton-LaNoriaMR-1536x1152.avif 1536w, https:\/\/lanoriamr.com\/wp-content\/uploads\/2024\/10\/chuleton-LaNoriaMR-2048x1536.avif 2048w\" sizes=\"(max-width: 1024px) 100vw, 1024px\" \/><\/figure>\n<\/div>\n\n\n\n<div class=\"wp-block-cb-slide\">\n<figure class=\"wp-block-image size-large has-custom-border\"><img decoding=\"async\" width=\"1024\" height=\"768\" src=\"https:\/\/lanoriamr.com\/wp-content\/uploads\/2024\/10\/1000030300-1024x768.avif\" alt=\"\" class=\"wp-image-282\" style=\"border-radius:23px\" srcset=\"https:\/\/lanoriamr.com\/wp-content\/uploads\/2024\/10\/1000030300-1024x768.avif 1024w, https:\/\/lanoriamr.com\/wp-content\/uploads\/2024\/10\/1000030300-300x225.avif 300w, https:\/\/lanoriamr.com\/wp-content\/uploads\/2024\/10\/1000030300-768x576.avif 768w, https:\/\/lanoriamr.com\/wp-content\/uploads\/2024\/10\/1000030300-1536x1152.avif 1536w, https:\/\/lanoriamr.com\/wp-content\/uploads\/2024\/10\/1000030300-2048x1536.avif 2048w\" sizes=\"(max-width: 1024px) 100vw, 1024px\" \/><\/figure>\n<\/div>\n\n\n\n<div class=\"wp-block-cb-slide\">\n<figure class=\"wp-block-image size-large has-custom-border\"><img decoding=\"async\" width=\"1024\" height=\"768\" src=\"https:\/\/lanoriamr.com\/wp-content\/uploads\/2024\/10\/Jamon-iberico-LaNoriaMR-1024x768.avif\" alt=\"\" class=\"wp-image-314\" style=\"border-radius:23px\" srcset=\"https:\/\/lanoriamr.com\/wp-content\/uploads\/2024\/10\/Jamon-iberico-LaNoriaMR-1024x768.avif 1024w, https:\/\/lanoriamr.com\/wp-content\/uploads\/2024\/10\/Jamon-iberico-LaNoriaMR-300x225.avif 300w, https:\/\/lanoriamr.com\/wp-content\/uploads\/2024\/10\/Jamon-iberico-LaNoriaMR-768x576.avif 768w, https:\/\/lanoriamr.com\/wp-content\/uploads\/2024\/10\/Jamon-iberico-LaNoriaMR-1536x1152.avif 1536w, https:\/\/lanoriamr.com\/wp-content\/uploads\/2024\/10\/Jamon-iberico-LaNoriaMR-2048x1536.avif 2048w\" sizes=\"(max-width: 1024px) 100vw, 1024px\" \/><\/figure>\n<\/div>\n<\/div>\n\n\n\n<p class=\"has-text-align-center has-large-font-size\" style=\"font-style:normal;font-weight:900;text-decoration:underline\">DESAYUNO<\/p>\n\n\n\n<p><strong>Comienza el d\u00eda con buen pie en La NoriaMR Gastrobar<\/strong><br>En <strong>LaNoriaMR GastroBar<\/strong>, nuestros <strong>desayunos<\/strong> est\u00e1n dise\u00f1ados para que empieces la ma\u00f1ana con energ\u00eda y sabor. Desde opciones ligeras hasta platos m\u00e1s completos, todo lo que necesitas para disfrutar de un momento agradable mientras saboreas lo mejor de nuestra cocina casera. \u00bfListo para descubrir tu nuevo <strong>desayuno<\/strong> favorito?<\/p>\n\n\n\n<figure class=\"wp-block-gallery has-nested-images columns-default is-cropped wp-block-gallery-1 is-layout-flex wp-block-gallery-is-layout-flex\">\n<figure class=\"wp-block-image size-full\"><img decoding=\"async\" width=\"860\" height=\"1600\" data-id=\"465\" src=\"https:\/\/lanoriamr.com\/wp-content\/uploads\/2025\/03\/IMG-20250324-WA0039.avif\" alt=\"\" class=\"wp-image-465\" srcset=\"https:\/\/lanoriamr.com\/wp-content\/uploads\/2025\/03\/IMG-20250324-WA0039.avif 860w, https:\/\/lanoriamr.com\/wp-content\/uploads\/2025\/03\/IMG-20250324-WA0039-161x300.avif 161w, https:\/\/lanoriamr.com\/wp-content\/uploads\/2025\/03\/IMG-20250324-WA0039-550x1024.avif 550w, https:\/\/lanoriamr.com\/wp-content\/uploads\/2025\/03\/IMG-20250324-WA0039-768x1429.avif 768w, https:\/\/lanoriamr.com\/wp-content\/uploads\/2025\/03\/IMG-20250324-WA0039-826x1536.avif 826w\" sizes=\"(max-width: 860px) 100vw, 860px\" \/><\/figure>\n\n\n\n<figure class=\"wp-block-image size-full\"><img decoding=\"async\" width=\"862\" height=\"1600\" data-id=\"463\" src=\"https:\/\/lanoriamr.com\/wp-content\/uploads\/2025\/03\/IMG-20250324-WA0038.avif\" alt=\"\" class=\"wp-image-463\" srcset=\"https:\/\/lanoriamr.com\/wp-content\/uploads\/2025\/03\/IMG-20250324-WA0038.avif 862w, https:\/\/lanoriamr.com\/wp-content\/uploads\/2025\/03\/IMG-20250324-WA0038-162x300.avif 162w, https:\/\/lanoriamr.com\/wp-content\/uploads\/2025\/03\/IMG-20250324-WA0038-552x1024.avif 552w, https:\/\/lanoriamr.com\/wp-content\/uploads\/2025\/03\/IMG-20250324-WA0038-768x1426.avif 768w, https:\/\/lanoriamr.com\/wp-content\/uploads\/2025\/03\/IMG-20250324-WA0038-828x1536.avif 828w\" sizes=\"(max-width: 862px) 100vw, 862px\" \/><\/figure>\n<\/figure>\n\n\n\n<p class=\"has-text-align-center has-large-font-size\" style=\"font-style:normal;font-weight:900;text-decoration:underline\">COMIDAS<\/p>\n\n\n\n<p><strong>Descubre los sabores de La NoriaMR Gastrobar<\/strong><br>Nuestras comidas son una aut\u00e9ntica celebraci\u00f3n de la cocina casera con un toque moderno. Ya sea que busques algo tradicional o una propuesta m\u00e1s creativa, nuestra carta est\u00e1 dise\u00f1ada para sorprenderte y deleitar tu paladar. Si\u00e9ntate, rel\u00e1jate y d\u00e9jate llevar por los sabores que hemos preparado para ti.<\/p>\n\n\n\n<figure class=\"wp-block-gallery has-nested-images columns-1 wp-block-gallery-2 is-layout-flex wp-block-gallery-is-layout-flex\">\n<figure class=\"wp-block-image size-full\"><img decoding=\"async\" width=\"1241\" height=\"1754\" data-id=\"489\" src=\"https:\/\/lanoriamr.com\/wp-content\/uploads\/2025\/07\/Diseno-de-cartas-julio-2025-Soto_page-0001.avif\" alt=\"\" class=\"wp-image-489\" srcset=\"https:\/\/lanoriamr.com\/wp-content\/uploads\/2025\/07\/Diseno-de-cartas-julio-2025-Soto_page-0001.avif 1241w, https:\/\/lanoriamr.com\/wp-content\/uploads\/2025\/07\/Diseno-de-cartas-julio-2025-Soto_page-0001-212x300.avif 212w, https:\/\/lanoriamr.com\/wp-content\/uploads\/2025\/07\/Diseno-de-cartas-julio-2025-Soto_page-0001-725x1024.avif 725w, https:\/\/lanoriamr.com\/wp-content\/uploads\/2025\/07\/Diseno-de-cartas-julio-2025-Soto_page-0001-768x1085.avif 768w, https:\/\/lanoriamr.com\/wp-content\/uploads\/2025\/07\/Diseno-de-cartas-julio-2025-Soto_page-0001-1087x1536.avif 1087w\" sizes=\"(max-width: 1241px) 100vw, 1241px\" \/><\/figure>\n\n\n\n<figure class=\"wp-block-image size-full has-custom-border\"><img decoding=\"async\" width=\"1241\" height=\"1754\" data-id=\"490\" src=\"https:\/\/lanoriamr.com\/wp-content\/uploads\/2025\/07\/Diseno-de-cartas-julio-2025-Soto_page-0002.avif\" alt=\"\" class=\"wp-image-490\" style=\"border-style:none;border-width:0px\" srcset=\"https:\/\/lanoriamr.com\/wp-content\/uploads\/2025\/07\/Diseno-de-cartas-julio-2025-Soto_page-0002.avif 1241w, https:\/\/lanoriamr.com\/wp-content\/uploads\/2025\/07\/Diseno-de-cartas-julio-2025-Soto_page-0002-212x300.avif 212w, https:\/\/lanoriamr.com\/wp-content\/uploads\/2025\/07\/Diseno-de-cartas-julio-2025-Soto_page-0002-725x1024.avif 725w, https:\/\/lanoriamr.com\/wp-content\/uploads\/2025\/07\/Diseno-de-cartas-julio-2025-Soto_page-0002-768x1085.avif 768w, https:\/\/lanoriamr.com\/wp-content\/uploads\/2025\/07\/Diseno-de-cartas-julio-2025-Soto_page-0002-1087x1536.avif 1087w\" sizes=\"(max-width: 1241px) 100vw, 1241px\" \/><\/figure>\n<\/figure>\n","protected":false},"excerpt":{"rendered":"<p>DESAYUNO Comienza el d\u00eda con buen pie en La NoriaMR GastrobarEn LaNoriaMR GastroBar, nuestros desayunos est\u00e1n dise\u00f1ados para que empieces la ma\u00f1ana con energ\u00eda y sabor. Desde opciones ligeras hasta platos m\u00e1s completos, todo lo que necesitas para disfrutar de un momento agradable mientras saboreas lo mejor de nuestra cocina casera. \u00bfListo para descubrir tu [&hellip;]<\/p>\n","protected":false},"author":1,"featured_media":0,"parent":0,"menu_order":0,"comment_status":"closed","ping_status":"open","template":"","meta":{"_acf_changed":false,"_monsterinsights_skip_tracking":false,"_monsterinsights_sitenote_active":false,"_monsterinsights_sitenote_note":"","_monsterinsights_sitenote_category":0,"footnotes":""},"class_list":["post-2","page","type-page","status-publish","hentry"],"aioseo_notices":[],"acf":[],"_links":{"self":[{"href":"https:\/\/lanoriamr.com\/index.php\/wp-json\/wp\/v2\/pages\/2","targetHints":{"allow":["GET"]}}],"collection":[{"href":"https:\/\/lanoriamr.com\/index.php\/wp-json\/wp\/v2\/pages"}],"about":[{"href":"https:\/\/lanoriamr.com\/index.php\/wp-json\/wp\/v2\/types\/page"}],"author":[{"embeddable":true,"href":"https:\/\/lanoriamr.com\/index.php\/wp-json\/wp\/v2\/users\/1"}],"replies":[{"embeddable":true,"href":"https:\/\/lanoriamr.com\/index.php\/wp-json\/wp\/v2\/comments?post=2"}],"version-history":[{"count":15,"href":"https:\/\/lanoriamr.com\/index.php\/wp-json\/wp\/v2\/pages\/2\/revisions"}],"predecessor-version":[{"id":492,"href":"https:\/\/lanoriamr.com\/index.php\/wp-json\/wp\/v2\/pages\/2\/revisions\/492"}],"wp:attachment":[{"href":"https:\/\/lanoriamr.com\/index.php\/wp-json\/wp\/v2\/media?parent=2"}],"curies":[{"name":"wp","href":"https:\/\/api.w.org\/{rel}","templated":true}]}}